{"id":850,"date":"2019-03-22T11:38:53","date_gmt":"2019-03-22T10:38:53","guid":{"rendered":"https:\/\/bogenommedicinskcannabis.dk\/?page_id=850"},"modified":"2019-03-22T11:38:53","modified_gmt":"2019-03-22T10:38:53","slug":"naar-cbd-kombineres-med-kraeftbehandling","status":"publish","type":"page","link":"https:\/\/bogenommedicinskcannabis.dk\/index.php\/artikler\/sammen-med-laegemidler\/naar-cbd-kombineres-med-kraeftbehandling\/","title":{"rendered":"N\u00e5r CBD kombineres med kr\u00e6ftbehandling"},"content":{"rendered":"<p>Forskere ved Western New England University i Springfield, Massachusetts gennemgik i 2019 10 studier, som kastede lys p\u00e5, hvordan CBD kan interagere med kr\u00e6ftbehandling.<a href=\"#_ftn1\" name=\"_ftnref1\">[1]<\/a> Halvdelen af disse studier unders\u00f8ger hvordan CBD kan p\u00e5virke metabolismen og indgivelse af kr\u00e6ftmedicin, som har v\u00e6ret diskuteret i \u00e5revis.<a href=\"#_ftn2\" name=\"_ftnref2\">[2]<\/a><\/p>\n<p>Forfatterne beskriver, at store doser eller regelm\u00e6ssig brug af CBD kan b\u00e5de for\u00f8ge og neds\u00e6tte niveauerne af forskellige enzymer, som kaldes CYP, hvilket vil \u00e6ndre effekten af et l\u00e6gemiddel. Ved endnu h\u00f8jere doser kan CBD ogs\u00e5 modificere visse proteiner, som dannes af kr\u00e6ften for at modst\u00e5 kemo. I mus forebygger eller reducerer CBD neuropati for\u00e5rsaget af kemopr\u00e6paratet Paclitaxel. Det er en tilstand, hvor selv en meget mild ber\u00f8ring for\u00e5rsager smerte.<\/p>\n<p>Forskerne fremh\u00e6vede ogs\u00e5 nogle artikler, hvor CBD interagerer med kemoterapi, hvorved overlevelsen af gliomablastoma (en alvorlig hjernekr\u00e6ft) og multibel myeloma (en slags knoglekr\u00e6ft). Disse interaktioner viser, at CBD kan p\u00e5virke kr\u00e6ftbehandlingen, men de viser ikke, hvor mange mennesker, der kan hj\u00e6lpes (eller skades) og hvordan man kan identificere disse grupper af mennesker.<\/p>\n<p>THC er allerede godkendt som behandling af kackexia hos kr\u00e6ftpatienter.<\/p>\n<p><img loading=\"lazy\" decoding=\"async\" class=\"alignnone size-full wp-image-851\" src=\"https:\/\/bogenommedicinskcannabis.dk\/wp-content\/uploads\/2019\/03\/cannabis-medicin8.jpg\" alt=\"\" width=\"1000\" height=\"997\" srcset=\"https:\/\/bogenommedicinskcannabis.dk\/wp-content\/uploads\/2019\/03\/cannabis-medicin8.jpg 1000w, https:\/\/bogenommedicinskcannabis.dk\/wp-content\/uploads\/2019\/03\/cannabis-medicin8-150x150.jpg 150w, https:\/\/bogenommedicinskcannabis.dk\/wp-content\/uploads\/2019\/03\/cannabis-medicin8-300x300.jpg 300w, https:\/\/bogenommedicinskcannabis.dk\/wp-content\/uploads\/2019\/03\/cannabis-medicin8-768x766.jpg 768w\" sizes=\"auto, (max-width: 1000px) 100vw, 1000px\" \/><\/p>\n<p><a href=\"#_ftnref1\" name=\"_ftn1\"><strong>[1]<\/strong><\/a> <a href=\"https:\/\/www.ncbi.nlm.nih.gov\/pubmed\/?term=Opitz%20BJ%5BAuthor%5D&amp;cauthor=true&amp;cauthor_uid=30776990\">Opitz BJ<\/a><sup>1<\/sup>,\u00a0<a href=\"https:\/\/www.ncbi.nlm.nih.gov\/pubmed\/?term=Ostroff%20ML%5BAuthor%5D&amp;cauthor=true&amp;cauthor_uid=30776990\">Ostroff ML<\/a><sup>2<\/sup>,\u00a0<a href=\"https:\/\/www.ncbi.nlm.nih.gov\/pubmed\/?term=Whitman%20AC%5BAuthor%5D&amp;cauthor=true&amp;cauthor_uid=30776990\">Whitman AC<\/a>.: The Potential Clinical Implications and Importance of Drug Interactions Between Anticancer Agents and Cannabidiol in Patients With Cancer. <a href=\"https:\/\/www.ncbi.nlm.nih.gov\/pubmed\/30776990\">J Pharm Pract.<\/a>\u00a02019 Feb 18:897190019828920. doi: 10.1177\/0897190019828920. [Epub ahead of print] https:\/\/www.ncbi.nlm.nih.gov\/pubmed\/30776990<\/p>\n<p>COMBINING CBD WITH CANCER TREATMENT<br \/>\n<a href=\"https:\/\/www.projectcbd.org\/news\/quick-hits?fbclid=IwAR0pQPSllGj6M1d5VQOdsVFXBhRyQvnbd2VQkcB5Pd_NHuygeRzfG2js2Ww\">https:\/\/www.projectcbd.org\/news\/quick-hits?fbclid=IwAR0pQPSllGj6M1d5VQOdsVFXBhRyQvnbd2VQkcB5Pd_NHuygeRzfG2js2Ww<\/a><\/p>\n<p><a href=\"#_ftnref2\" name=\"_ftn2\">[2]<\/a> <a href=\"https:\/\/www.projectcbd.org\/sites\/projectcbd\/files\/downloads\/cannabinoid-drug-interactions_2018-10-11.pdf\">https:\/\/www.projectcbd.org\/sites\/projectcbd\/files\/downloads\/cannabinoid-drug-interactions_2018-10-11.pdf<\/a><\/p>\n","protected":false},"excerpt":{"rendered":"<p>Forskere ved Western New England University i Springfield, Massachusetts gennemgik i 2019 10 studier, som kastede lys p\u00e5, hvordan CBD kan interagere med kr\u00e6ftbehandling.[1] Halvdelen af disse studier unders\u00f8ger hvordan CBD kan p\u00e5virke metabolismen og indgivelse af kr\u00e6ftmedicin, som har &hellip; <a href=\"https:\/\/bogenommedicinskcannabis.dk\/index.php\/artikler\/sammen-med-laegemidler\/naar-cbd-kombineres-med-kraeftbehandling\/\">L\u00e6s resten <span class=\"meta-nav\">&rarr;<\/span><\/a><\/p>\n","protected":false},"author":1,"featured_media":0,"parent":637,"menu_order":0,"comment_status":"closed","ping_status":"closed","template":"","meta":{"footnotes":""},"class_list":["post-850","page","type-page","status-publish","hentry"],"_links":{"self":[{"href":"https:\/\/bogenommedicinskcannabis.dk\/index.php\/wp-json\/wp\/v2\/pages\/850","targetHints":{"allow":["GET"]}}],"collection":[{"href":"https:\/\/bogenommedicinskcannabis.dk\/index.php\/wp-json\/wp\/v2\/pages"}],"about":[{"href":"https:\/\/bogenommedicinskcannabis.dk\/index.php\/wp-json\/wp\/v2\/types\/page"}],"author":[{"embeddable":true,"href":"https:\/\/bogenommedicinskcannabis.dk\/index.php\/wp-json\/wp\/v2\/users\/1"}],"replies":[{"embeddable":true,"href":"https:\/\/bogenommedicinskcannabis.dk\/index.php\/wp-json\/wp\/v2\/comments?post=850"}],"version-history":[{"count":1,"href":"https:\/\/bogenommedicinskcannabis.dk\/index.php\/wp-json\/wp\/v2\/pages\/850\/revisions"}],"predecessor-version":[{"id":852,"href":"https:\/\/bogenommedicinskcannabis.dk\/index.php\/wp-json\/wp\/v2\/pages\/850\/revisions\/852"}],"up":[{"embeddable":true,"href":"https:\/\/bogenommedicinskcannabis.dk\/index.php\/wp-json\/wp\/v2\/pages\/637"}],"wp:attachment":[{"href":"https:\/\/bogenommedicinskcannabis.dk\/index.php\/wp-json\/wp\/v2\/media?parent=850"}],"curies":[{"name":"wp","href":"https:\/\/api.w.org\/{rel}","templated":true}]}}