{"id":853,"date":"2019-03-22T13:54:06","date_gmt":"2019-03-22T12:54:06","guid":{"rendered":"https:\/\/bogenommedicinskcannabis.dk\/?page_id=853"},"modified":"2019-03-22T13:54:06","modified_gmt":"2019-03-22T12:54:06","slug":"cbd-til-hjernekraeft","status":"publish","type":"page","link":"https:\/\/bogenommedicinskcannabis.dk\/index.php\/artikler\/medicinsk-cannabis-og-kraeft\/cbd-til-hjernekraeft\/","title":{"rendered":"CBD til hjernekr\u00e6ft"},"content":{"rendered":"<p>Sommetider kan forskningen ikke se forskningen for bare tr\u00e6er. Statistisk signifikans og dobbelt-blindede studier er vigtige, men det er menneskers erfaringer ogs\u00e5. Case-studier er meningsfulde. De er ofte et forvarsel om fremtidige opdagelser.<a href=\"#_ftn1\" name=\"_ftnref1\">[1]<\/a><\/p>\n<p>Derfor skal man ikke bare afvise studier med f\u00e5 mennesker. Et s\u00e5dant var et case-studie med 2 brasilianske hjernekr\u00e6ftpatienter, som kombinerede deres konventionelle kr\u00e6ftbehandling med CBD. De patienter, der ikke responderede p\u00e5 deres f\u00f8rste behandling fik en cocktail af medicin, som kaldes PCV sammen med CBD for at reducere kvalme.<\/p>\n<p>Forfatterne g\u00f8r opm\u00e6rksom p\u00e5, at \u201ddet er ikke muligt at helbrede fremskreden gliomapatienter\u2026 m\u00e5let med behandlingen er ikke kun at forl\u00e6nge livet, men ogs\u00e5 at forebygge en forringelse af livskvaliteten.\u201d<\/p>\n<p>Case-studie patienterne var stadig i live, da studiet blev publiceret, og det var l\u00e6ngere end den gennemsnitlige levetid efter diagnosen, som er 15 m\u00e5neder. Begge var i stand til at dyrke sport uden at blive for tr\u00e6tte. Disse resultater er ingen garanti om, at alle vil have gavn af CBD, men viser, at nogle mennesker kan have stor gavn af det.<a href=\"#_ftn2\" name=\"_ftnref2\">[2]<\/a><\/p>\n<p><img loading=\"lazy\" decoding=\"async\" class=\" wp-image-854 aligncenter\" src=\"https:\/\/bogenommedicinskcannabis.dk\/wp-content\/uploads\/2019\/03\/hjernen4.jpg\" alt=\"\" width=\"316\" height=\"371\" \/><\/p>\n<p><a href=\"#_ftnref1\" name=\"_ftn1\">[1]<\/a> CANNABINOIDS IN BRAIN CANCER. 2019. <a href=\"https:\/\/www.projectcbd.org\/news\/quick-hits?fbclid=IwAR0pQPSllGj6M1d5VQOdsVFXBhRyQvnbd2VQkcB5Pd_NHuygeRzfG2js2Ww\">https:\/\/www.projectcbd.org\/news\/quick-hits?fbclid=IwAR0pQPSllGj6M1d5VQOdsVFXBhRyQvnbd2VQkcB5Pd_NHuygeRzfG2js2Ww<\/a><\/p>\n<p><a href=\"#_ftnref2\" name=\"_ftn2\">[2]<\/a> <a href=\"https:\/\/www.ncbi.nlm.nih.gov\/pubmed\/?term=Dall%27Stella%20PB%5BAuthor%5D&amp;cauthor=true&amp;cauthor_uid=30713832\">Paula B. Dall&#8217;Stella<\/a>,\u00a0<a href=\"https:\/\/www.ncbi.nlm.nih.gov\/pubmed\/?term=Docema%20MF%5BAuthor%5D&amp;cauthor=true&amp;cauthor_uid=30713832\">Marcos F. L. Docema<\/a> et al.: Case Report: Clinical Outcome and Image Response of Two Patients With Secondary High-Grade Glioma Treated With Chemoradiation, PCV, and Cannabidiol. <a href=\"https:\/\/www.ncbi.nlm.nih.gov\/pmc\/articles\/PMC6345719\/\">Front Oncol<\/a>. 2018; 8: 643. Published online 2019 Jan 18.\u00a0doi:\u00a0<a href=\"https:\/\/dx.doi.org\/10.3389%2Ffonc.2018.00643\">10.3389\/fonc.2018.00643<\/a><\/p>\n<p>&nbsp;<\/p>\n","protected":false},"excerpt":{"rendered":"<p>Sommetider kan forskningen ikke se forskningen for bare tr\u00e6er. Statistisk signifikans og dobbelt-blindede studier er vigtige, men det er menneskers erfaringer ogs\u00e5. Case-studier er meningsfulde. De er ofte et forvarsel om fremtidige opdagelser.[1] Derfor skal man ikke bare afvise studier &hellip; <a href=\"https:\/\/bogenommedicinskcannabis.dk\/index.php\/artikler\/medicinsk-cannabis-og-kraeft\/cbd-til-hjernekraeft\/\">L\u00e6s resten <span class=\"meta-nav\">&rarr;<\/span><\/a><\/p>\n","protected":false},"author":1,"featured_media":0,"parent":306,"menu_order":0,"comment_status":"closed","ping_status":"closed","template":"","meta":{"footnotes":""},"class_list":["post-853","page","type-page","status-publish","hentry"],"_links":{"self":[{"href":"https:\/\/bogenommedicinskcannabis.dk\/index.php\/wp-json\/wp\/v2\/pages\/853","targetHints":{"allow":["GET"]}}],"collection":[{"href":"https:\/\/bogenommedicinskcannabis.dk\/index.php\/wp-json\/wp\/v2\/pages"}],"about":[{"href":"https:\/\/bogenommedicinskcannabis.dk\/index.php\/wp-json\/wp\/v2\/types\/page"}],"author":[{"embeddable":true,"href":"https:\/\/bogenommedicinskcannabis.dk\/index.php\/wp-json\/wp\/v2\/users\/1"}],"replies":[{"embeddable":true,"href":"https:\/\/bogenommedicinskcannabis.dk\/index.php\/wp-json\/wp\/v2\/comments?post=853"}],"version-history":[{"count":1,"href":"https:\/\/bogenommedicinskcannabis.dk\/index.php\/wp-json\/wp\/v2\/pages\/853\/revisions"}],"predecessor-version":[{"id":855,"href":"https:\/\/bogenommedicinskcannabis.dk\/index.php\/wp-json\/wp\/v2\/pages\/853\/revisions\/855"}],"up":[{"embeddable":true,"href":"https:\/\/bogenommedicinskcannabis.dk\/index.php\/wp-json\/wp\/v2\/pages\/306"}],"wp:attachment":[{"href":"https:\/\/bogenommedicinskcannabis.dk\/index.php\/wp-json\/wp\/v2\/media?parent=853"}],"curies":[{"name":"wp","href":"https:\/\/api.w.org\/{rel}","templated":true}]}}