{"id":858,"date":"2019-03-25T16:50:47","date_gmt":"2019-03-25T15:50:47","guid":{"rendered":"https:\/\/bogenommedicinskcannabis.dk\/?page_id=858"},"modified":"2019-03-25T16:50:47","modified_gmt":"2019-03-25T15:50:47","slug":"92-af-amerikanske-patienter-siger-i-en-undersoegelse-at-medicinsk-cannabis-virker-for-dem-2","status":"publish","type":"page","link":"https:\/\/bogenommedicinskcannabis.dk\/index.php\/artikler\/brugerundersoegelser\/92-af-amerikanske-patienter-siger-i-en-undersoegelse-at-medicinsk-cannabis-virker-for-dem-2\/","title":{"rendered":"92% af amerikanske patienter siger i en unders\u00f8gelse, at medicinsk cannabis virker for dem"},"content":{"rendered":"<p>En unders\u00f8gelse fra 2013 publiceret i <em>New England Journal of Medicine <\/em>viste, at n\u00e6sten 8 ud af 10 amerikanske l\u00e6ger accepterede brugen af medicinsk cannabis.<a href=\"#_ftn1\" name=\"_ftnref1\">[1]<\/a><\/p>\n<p>En stor unders\u00f8gelse fra 2015 blandt californiske patienter, der bruger medicinsk cannabis, viser ogs\u00e5 stor opbakning.<a href=\"#_ftn2\" name=\"_ftnref2\">[2]<\/a> Hele 92% af dem sagde, at medicinsk cannabis lindrer symptomer p\u00e5 deres medicinsk tilstande bl.a. kroniske smerter, gigt, migr\u00e6ne og kr\u00e6ft.<\/p>\n<p>Dataene kommer fra <a href=\"http:\/\/www.cdph.ca.gov\/data\/surveys\/Pages\/BRFSS.aspx\">California Behavioral Risk Factor Surveillance System<\/a>, en repr\u00e6sentativ sundhedsunders\u00f8gelse af 7.525 voksne fra Californien udf\u00f8rt af <a href=\"http:\/\/phi.org\/\">Public Health Institute<\/a>. I alt 5% af de californiske voksne sagde, at de havde brugt medicinsk cannabis til en \u201dalvorlig medicinsk lidelse\u201d.<\/p>\n<p>P\u00e5 trods af, at medicinsk cannabis bruges lovligt i de fleste amerikanske stater, m\u00f8der brugen af det stadig stor skepsis, ligesom vi ser det herhjemme blandt l\u00e6ger og sundhedsmyndigheder. I et interview kaldte den tidligere borgmester i New York Michael Bloomberg cannabis \u201det af de st\u00f8rste fupnumre nogensinde.\u201d Den californiske lobbyist indenfor narkotikapolitiet sagde tidligere, at \u201dCaliforniens love med hensyn til medicinsk cannabis er et stort svindelnummer.\u201d<a href=\"#_ftn3\" name=\"_ftnref3\">[3]<\/a><\/p>\n<p>Dette studie tilbageviser disse opfattelser. \u201dVores studie modbeviser den almindeligt forekommende opfattelser af, at medicinsk cannabis bliver overforbrugt af raske personer,\u201d skriver forfatterne. \u201dDe mest almindelige grunde til brug er medicinske lidelser, som de almindelige l\u00e6gemidler enten ikke findes, som f. eks. for migr\u00e6ne, eller ikke er effektive, herunder for kroniske smerter og kr\u00e6ft.\u201d<\/p>\n<p><img loading=\"lazy\" decoding=\"async\" class=\"alignnone size-full wp-image-859\" src=\"https:\/\/bogenommedicinskcannabis.dk\/wp-content\/uploads\/2019\/03\/cannabis-apotek5.jpg\" alt=\"\" width=\"2000\" height=\"1334\" srcset=\"https:\/\/bogenommedicinskcannabis.dk\/wp-content\/uploads\/2019\/03\/cannabis-apotek5.jpg 2000w, https:\/\/bogenommedicinskcannabis.dk\/wp-content\/uploads\/2019\/03\/cannabis-apotek5-300x200.jpg 300w, https:\/\/bogenommedicinskcannabis.dk\/wp-content\/uploads\/2019\/03\/cannabis-apotek5-768x512.jpg 768w, https:\/\/bogenommedicinskcannabis.dk\/wp-content\/uploads\/2019\/03\/cannabis-apotek5-1024x683.jpg 1024w\" sizes=\"auto, (max-width: 2000px) 100vw, 2000px\" \/><\/p>\n<p><a href=\"#_ftnref1\" name=\"_ftn1\">[1]<\/a> Jonathan N. Adler, M.D., James A. Colbert, M.D: Medicinal Use of Marijuana \u2014 Polling Results. N Engl J Med 2013; 368:e30<a href=\"http:\/\/www.nejm.org\/toc\/nejm\/368\/22\/\">May 30, 2013<\/a>DOI: 10.1056\/NEJMclde1305159. <a href=\"http:\/\/www.nejm.org\/doi\/full\/10.1056\/NEJMclde1305159\">http:\/\/www.nejm.org\/doi\/full\/10.1056\/NEJMclde1305159<\/a><\/p>\n<p><a href=\"https:\/\/www.washingtonpost.com\/news\/wonk\/wp\/2014\/10\/01\/92-of-patients-say-medical-marijuana-works\/?utm_term=.25081207644b\">https:\/\/www.washingtonpost.com\/news\/wonk\/wp\/2014\/10\/01\/92-of-patients-say-medical-marijuana-works\/?utm_term=.25081207644b<\/a><\/p>\n<p><a href=\"#_ftnref2\" name=\"_ftn2\">[2]<\/a> <a href=\"https:\/\/www.ncbi.nlm.nih.gov\/pubmed\/?term=Ryan-Ibarra%20S%5BAuthor%5D&amp;cauthor=true&amp;cauthor_uid=25255903\">Ryan-Ibarra S<\/a><sup>1<\/sup>, <a href=\"https:\/\/www.ncbi.nlm.nih.gov\/pubmed\/?term=Induni%20M%5BAuthor%5D&amp;cauthor=true&amp;cauthor_uid=25255903\">Induni M<\/a>, <a href=\"https:\/\/www.ncbi.nlm.nih.gov\/pubmed\/?term=Ewing%20D%5BAuthor%5D&amp;cauthor=true&amp;cauthor_uid=25255903\">Ewing D<\/a>.: Prevalence of medical marijuana use in California, 2012. <a href=\"https:\/\/www.ncbi.nlm.nih.gov\/pubmed\/25255903\">Drug Alcohol Rev.<\/a> 2015 Mar;34(2):141-6. doi: 10.1111\/dar.12207. Epub 2014 Sep 26. <a href=\"https:\/\/www.ncbi.nlm.nih.gov\/pubmed\/25255903\">https:\/\/www.ncbi.nlm.nih.gov\/pubmed\/25255903<\/a><\/p>\n<p><a href=\"#_ftnref3\" name=\"_ftn3\">[3]<\/a> California police have no interest in setting pot rules. <a href=\"http:\/\/www.sacbee.com\/news\/state\/california\/california-weed\/article2589646.html\">http:\/\/www.sacbee.com\/news\/state\/california\/california-weed\/article2589646.html<\/a><\/p>\n","protected":false},"excerpt":{"rendered":"<p>En unders\u00f8gelse fra 2013 publiceret i New England Journal of Medicine viste, at n\u00e6sten 8 ud af 10 amerikanske l\u00e6ger accepterede brugen af medicinsk cannabis.[1] En stor unders\u00f8gelse fra 2015 blandt californiske patienter, der bruger medicinsk cannabis, viser ogs\u00e5 stor &hellip; <a href=\"https:\/\/bogenommedicinskcannabis.dk\/index.php\/artikler\/brugerundersoegelser\/92-af-amerikanske-patienter-siger-i-en-undersoegelse-at-medicinsk-cannabis-virker-for-dem-2\/\">L\u00e6s resten <span class=\"meta-nav\">&rarr;<\/span><\/a><\/p>\n","protected":false},"author":1,"featured_media":0,"parent":322,"menu_order":0,"comment_status":"closed","ping_status":"closed","template":"","meta":{"footnotes":""},"class_list":["post-858","page","type-page","status-publish","hentry"],"_links":{"self":[{"href":"https:\/\/bogenommedicinskcannabis.dk\/index.php\/wp-json\/wp\/v2\/pages\/858","targetHints":{"allow":["GET"]}}],"collection":[{"href":"https:\/\/bogenommedicinskcannabis.dk\/index.php\/wp-json\/wp\/v2\/pages"}],"about":[{"href":"https:\/\/bogenommedicinskcannabis.dk\/index.php\/wp-json\/wp\/v2\/types\/page"}],"author":[{"embeddable":true,"href":"https:\/\/bogenommedicinskcannabis.dk\/index.php\/wp-json\/wp\/v2\/users\/1"}],"replies":[{"embeddable":true,"href":"https:\/\/bogenommedicinskcannabis.dk\/index.php\/wp-json\/wp\/v2\/comments?post=858"}],"version-history":[{"count":1,"href":"https:\/\/bogenommedicinskcannabis.dk\/index.php\/wp-json\/wp\/v2\/pages\/858\/revisions"}],"predecessor-version":[{"id":860,"href":"https:\/\/bogenommedicinskcannabis.dk\/index.php\/wp-json\/wp\/v2\/pages\/858\/revisions\/860"}],"up":[{"embeddable":true,"href":"https:\/\/bogenommedicinskcannabis.dk\/index.php\/wp-json\/wp\/v2\/pages\/322"}],"wp:attachment":[{"href":"https:\/\/bogenommedicinskcannabis.dk\/index.php\/wp-json\/wp\/v2\/media?parent=858"}],"curies":[{"name":"wp","href":"https:\/\/api.w.org\/{rel}","templated":true}]}}