{"id":883,"date":"2019-04-11T14:46:54","date_gmt":"2019-04-11T13:46:54","guid":{"rendered":"https:\/\/bogenommedicinskcannabis.dk\/?page_id=883"},"modified":"2019-04-11T14:48:07","modified_gmt":"2019-04-11T13:48:07","slug":"cannabis-kan-lindre-symptomerne-paa-adhd","status":"publish","type":"page","link":"https:\/\/bogenommedicinskcannabis.dk\/index.php\/artikler\/medicinsk-cannabis-og-adhd\/cannabis-kan-lindre-symptomerne-paa-adhd\/","title":{"rendered":"Cannabis kan lindre symptomerne p\u00e5 ADHD"},"content":{"rendered":"<p>Resultaterne fra et klinisk fors\u00f8g blev pr\u00e6senteret p\u00e5 den 7. European Workshop on Canabinoid Research.<a href=\"#_ftn1\" name=\"_ftnref1\">[1] <\/a>Tyske forskere evaluerede effekten af cannabis p\u00e5 30 ADHD patienter, som var resistente overfor de konventionelle l\u00e6gemidler, der blev ordineret.<\/p>\n<p>Forskerne rapporterede, at de fleste af patienterne oplevede en lindring af ADHD symptomer. De fik forbedret deres koncentrationsevne og s\u00f8vn og reduceret deres impulsivitet ved at bruge medicinsk cannabis.<a href=\"#_ftn2\" name=\"_ftnref2\">[2]<\/a> 22 af de 30 patienter valgte at holde op med at bruge de l\u00e6gemidler, l\u00e6gerne havde ordineret i fors\u00f8gsperioden, for udelukkende at afpr\u00f8ve cannabis som behandling af deres symptomer.<\/p>\n<p>Et tidligere studie viste, at syntetisk THC \u201chavde en positive indflydelse p\u00e5 fremtr\u00e6den, adf\u00e6rd og mental tilstand\u201d hos en 28-\u00e5rig person, der havde en ADHD diagnose.<a href=\"#_ftn3\" name=\"_ftnref3\">[3]<\/a><\/p>\n<p><img loading=\"lazy\" decoding=\"async\" class=\"alignnone size-full wp-image-886\" src=\"https:\/\/bogenommedicinskcannabis.dk\/wp-content\/uploads\/2019\/04\/ADHD-1.jpg\" alt=\"\" width=\"768\" height=\"576\" srcset=\"https:\/\/bogenommedicinskcannabis.dk\/wp-content\/uploads\/2019\/04\/ADHD-1.jpg 768w, https:\/\/bogenommedicinskcannabis.dk\/wp-content\/uploads\/2019\/04\/ADHD-1-300x225.jpg 300w\" sizes=\"auto, (max-width: 768px) 100vw, 768px\" \/><\/p>\n<p><a href=\"#_ftnref1\" name=\"_ftn1\">[1]<\/a> <a href=\"https:\/\/norml.org\/news\/2015\/10\/29\/study-adhd-patients-responsive-to-cannabis-therapy\">Study: ADHD Patients Responsive To Cannabis Therapy<\/a>. <a href=\"https:\/\/norml.org\/news\/2015\/10\/29\/study-adhd-patients-responsive-to-cannabis-therapy\">https:\/\/norml.org\/news\/2015\/10\/29\/study-adhd-patients-responsive-to-cannabis-therapy<\/a><\/p>\n<p><a href=\"#_ftnref2\" name=\"_ftn2\">[2]<\/a> <a href=\"http:\/\/cannabis-med.org\/nis\/data\/file\/abstractbook.pdf\">Milz E, Grotenhermen F. Successful therapy of treatment resistant adult ADHD with cannabis: experience from a medical practice with 30 patients. Abstract book of the Cannabinoid Conference 2015, September 17-19, Sestri Levante, Italy, page 85.<\/a> <a href=\"http:\/\/www.cannabis-med.org\/english\/bulletin\/ww_en_db_cannabis_artikel.php?id=461#6\">http:\/\/www.cannabis-med.org\/english\/bulletin\/ww_en_db_cannabis_artikel.php?id=461#6<\/a><\/p>\n<p><a href=\"#_ftnref3\" name=\"_ftn3\">[3]<\/a> Peter Strohbeck-Kuehner, Gisela Skopp, Rainer Mattern: Case report. Cannabis improves symptoms of ADHD. Cannabinoids 2008;3(1):1-3. <a href=\"http:\/\/www.cannabis-med.org\/english\/journal\/en_2008_01_1.pdf\">http:\/\/www.cannabis-med.org\/english\/journal\/en_2008_01_1.pdf<\/a><\/p>\n","protected":false},"excerpt":{"rendered":"<p>Resultaterne fra et klinisk fors\u00f8g blev pr\u00e6senteret p\u00e5 den 7. European Workshop on Canabinoid Research.[1] Tyske forskere evaluerede effekten af cannabis p\u00e5 30 ADHD patienter, som var resistente overfor de konventionelle l\u00e6gemidler, der blev ordineret. Forskerne rapporterede, at de fleste &hellip; <a href=\"https:\/\/bogenommedicinskcannabis.dk\/index.php\/artikler\/medicinsk-cannabis-og-adhd\/cannabis-kan-lindre-symptomerne-paa-adhd\/\">L\u00e6s resten <span class=\"meta-nav\">&rarr;<\/span><\/a><\/p>\n","protected":false},"author":1,"featured_media":0,"parent":304,"menu_order":0,"comment_status":"closed","ping_status":"closed","template":"","meta":{"footnotes":""},"class_list":["post-883","page","type-page","status-publish","hentry"],"_links":{"self":[{"href":"https:\/\/bogenommedicinskcannabis.dk\/index.php\/wp-json\/wp\/v2\/pages\/883","targetHints":{"allow":["GET"]}}],"collection":[{"href":"https:\/\/bogenommedicinskcannabis.dk\/index.php\/wp-json\/wp\/v2\/pages"}],"about":[{"href":"https:\/\/bogenommedicinskcannabis.dk\/index.php\/wp-json\/wp\/v2\/types\/page"}],"author":[{"embeddable":true,"href":"https:\/\/bogenommedicinskcannabis.dk\/index.php\/wp-json\/wp\/v2\/users\/1"}],"replies":[{"embeddable":true,"href":"https:\/\/bogenommedicinskcannabis.dk\/index.php\/wp-json\/wp\/v2\/comments?post=883"}],"version-history":[{"count":2,"href":"https:\/\/bogenommedicinskcannabis.dk\/index.php\/wp-json\/wp\/v2\/pages\/883\/revisions"}],"predecessor-version":[{"id":887,"href":"https:\/\/bogenommedicinskcannabis.dk\/index.php\/wp-json\/wp\/v2\/pages\/883\/revisions\/887"}],"up":[{"embeddable":true,"href":"https:\/\/bogenommedicinskcannabis.dk\/index.php\/wp-json\/wp\/v2\/pages\/304"}],"wp:attachment":[{"href":"https:\/\/bogenommedicinskcannabis.dk\/index.php\/wp-json\/wp\/v2\/media?parent=883"}],"curies":[{"name":"wp","href":"https:\/\/api.w.org\/{rel}","templated":true}]}}