{"id":893,"date":"2019-04-20T15:02:57","date_gmt":"2019-04-20T14:02:57","guid":{"rendered":"https:\/\/bogenommedicinskcannabis.dk\/?page_id=893"},"modified":"2019-04-20T15:07:05","modified_gmt":"2019-04-20T14:07:05","slug":"cannabis-ekstrakt-kan-forbedre-symptomerne-paa-adhd","status":"publish","type":"page","link":"https:\/\/bogenommedicinskcannabis.dk\/index.php\/artikler\/medicinsk-cannabis-og-adhd\/cannabis-ekstrakt-kan-forbedre-symptomerne-paa-adhd\/","title":{"rendered":"Cannabis ekstrakt kan forbedre symptomerne p\u00e5  ADHD"},"content":{"rendered":"<p><strong>\u00a0<\/strong><\/p>\n<p>Et klinisk studie publiceret i <em>European Neuropsychopharmacology <\/em>i 2017 viste, at personer med ADHD fik forbedret deres indl\u00e6ring og mentale tilstand, n\u00e5r de fik Sativex, som er et pr\u00e6parat best\u00e5ende af lige dele THC og CBD.<a href=\"#_ftn1\" name=\"_ftnref1\">[1]<\/a><\/p>\n<p>Britiske forskere udf\u00f8rte et randomiseret, placebo-kontrolleret fors\u00f8g, hvor de evaluerede effekten af cannabis p\u00e5 30 voksne med ADHD. Tests viste, at deres impulsivitet og hyperaktivitet blev forbedret. Det samme gjaldt for deres aktivitet og kognitive adf\u00e6rd og f\u00f8lelsesm\u00e6ssige labilitet.<\/p>\n<p>Forskerne konkluderede, at personer med ADHD kan v\u00e6re en gruppe, som kan f\u00e5 for\u00f8get deres kognitive evner og reducere deres \u00f8vrige symptomer p\u00e5 ADHD.<\/p>\n<p><img loading=\"lazy\" decoding=\"async\" class=\"alignnone wp-image-894 aligncenter\" src=\"https:\/\/bogenommedicinskcannabis.dk\/wp-content\/uploads\/2019\/04\/cannabis-medicin12.jpg\" alt=\"\" width=\"352\" height=\"238\" \/><\/p>\n<p><a href=\"#_ftnref1\" name=\"_ftn1\">[1]<\/a> <a href=\"https:\/\/www.ncbi.nlm.nih.gov\/pubmed\/?term=Cooper%20RE%5BAuthor%5D&amp;cauthor=true&amp;cauthor_uid=28576350\">Cooper RE<\/a><sup>1<\/sup>, <a href=\"https:\/\/www.ncbi.nlm.nih.gov\/pubmed\/?term=Williams%20E%5BAuthor%5D&amp;cauthor=true&amp;cauthor_uid=28576350\">Williams E<\/a><sup>2<\/sup>, Seegobin S. et al.: Cannabinoids in attention-deficit\/hyperactivity disorder: A randomised-controlled trial. <a href=\"https:\/\/www.ncbi.nlm.nih.gov\/pubmed\/28576350\">Eur Neuropsychopharmacol.<\/a> 2017 Aug;27(8):795-808. doi: 10.1016\/j.euroneuro.2017.05.005. Epub 2017 May 30. <a href=\"https:\/\/www.ncbi.nlm.nih.gov\/pubmed\/28576350\">https:\/\/www.ncbi.nlm.nih.gov\/pubmed\/28576350<\/a><\/p>\n<p><a href=\"https:\/\/norml.org\/news\/2017\/06\/08\/study-cannabis-extracts-associated-with-reduced-adhd-symptoms\">Study: Cannabis Extracts Associated With Reduced ADHD Symptoms<\/a>. <a href=\"https:\/\/norml.org\/news\/2017\/06\/08\/study-cannabis-extracts-associated-with-reduced-adhd-symptoms\">https:\/\/norml.org\/news\/2017\/06\/08\/study-cannabis-extracts-associated-with-reduced-adhd-symptoms<\/a><\/p>\n","protected":false},"excerpt":{"rendered":"<p>\u00a0 Et klinisk studie publiceret i European Neuropsychopharmacology i 2017 viste, at personer med ADHD fik forbedret deres indl\u00e6ring og mentale tilstand, n\u00e5r de fik Sativex, som er et pr\u00e6parat best\u00e5ende af lige dele THC og CBD.[1] Britiske forskere udf\u00f8rte &hellip; <a href=\"https:\/\/bogenommedicinskcannabis.dk\/index.php\/artikler\/medicinsk-cannabis-og-adhd\/cannabis-ekstrakt-kan-forbedre-symptomerne-paa-adhd\/\">L\u00e6s resten <span class=\"meta-nav\">&rarr;<\/span><\/a><\/p>\n","protected":false},"author":1,"featured_media":0,"parent":304,"menu_order":0,"comment_status":"closed","ping_status":"closed","template":"","meta":{"footnotes":""},"class_list":["post-893","page","type-page","status-publish","hentry"],"_links":{"self":[{"href":"https:\/\/bogenommedicinskcannabis.dk\/index.php\/wp-json\/wp\/v2\/pages\/893","targetHints":{"allow":["GET"]}}],"collection":[{"href":"https:\/\/bogenommedicinskcannabis.dk\/index.php\/wp-json\/wp\/v2\/pages"}],"about":[{"href":"https:\/\/bogenommedicinskcannabis.dk\/index.php\/wp-json\/wp\/v2\/types\/page"}],"author":[{"embeddable":true,"href":"https:\/\/bogenommedicinskcannabis.dk\/index.php\/wp-json\/wp\/v2\/users\/1"}],"replies":[{"embeddable":true,"href":"https:\/\/bogenommedicinskcannabis.dk\/index.php\/wp-json\/wp\/v2\/comments?post=893"}],"version-history":[{"count":1,"href":"https:\/\/bogenommedicinskcannabis.dk\/index.php\/wp-json\/wp\/v2\/pages\/893\/revisions"}],"predecessor-version":[{"id":895,"href":"https:\/\/bogenommedicinskcannabis.dk\/index.php\/wp-json\/wp\/v2\/pages\/893\/revisions\/895"}],"up":[{"embeddable":true,"href":"https:\/\/bogenommedicinskcannabis.dk\/index.php\/wp-json\/wp\/v2\/pages\/304"}],"wp:attachment":[{"href":"https:\/\/bogenommedicinskcannabis.dk\/index.php\/wp-json\/wp\/v2\/media?parent=893"}],"curies":[{"name":"wp","href":"https:\/\/api.w.org\/{rel}","templated":true}]}}