{"id":914,"date":"2019-06-07T09:50:18","date_gmt":"2019-06-07T08:50:18","guid":{"rendered":"https:\/\/bogenommedicinskcannabis.dk\/?page_id=914"},"modified":"2019-07-10T09:55:34","modified_gmt":"2019-07-10T08:55:34","slug":"personalet-paa-hospice-stoetter-brugen-af-medicinsk-cannabis","status":"publish","type":"page","link":"https:\/\/bogenommedicinskcannabis.dk\/index.php\/artikler\/brugerundersoegelser\/personalet-paa-hospice-stoetter-brugen-af-medicinsk-cannabis\/","title":{"rendered":"Personalet p\u00e5 hospice st\u00f8tter brugen af medicinsk cannabis"},"content":{"rendered":"<p>Et helt nyt studie publiceret i <em>The Journal of Palliative Medicine<\/em> viser, at brugen af medicinsk cannabis st\u00f8ttes overv\u00e6ldende af det sundhedspersonale, der plejer patienterne p\u00e5 hospice.<a href=\"#_ftn1\" name=\"_ftnref1\">[1]<\/a><\/p>\n<p>Det er forskere fra University of Maryland School of Pharmacy, der anvendte data fra 310 repr\u00e6sentative sundhedsprofessionelle p\u00e5 hospice (prim\u00e6rt sygeplejersker) fra 40 amerikanske stater.<\/p>\n<p>91% af respondenterne st\u00f8ttede brugen af medicinsk cannabis blandt patienterne. 90% af respondenterne sagde, at de havde svaret p\u00e5 sp\u00f8rgsm\u00e5l fra patienter vedr\u00f8rende brugen af medicinsk cannabis, og 73% havde plejet en patient, der brugte det.<\/p>\n<p>If\u00f8lge forfatterne var det s\u00e5dan, at \u201cuanset legalisering st\u00f8ttede hospitalspersonalet overv\u00e6ldende patienternes adgang til medicinsk cannabis. Dem, der praktiserer i stater, hvor medicinsk cannabis ikke er lovlig, \u00f8nsker, at det var.\u201d<\/p>\n<p>De konkluderede: \u201dDer var konsensus i vores unders\u00f8gelse om, at medicinsk cannabis synes at v\u00e6re relativt sikker og effektivt til en bred vifte af lidelser og kan indtages p\u00e5 mange forskellige m\u00e5der\u2026. Vores fund fremh\u00e6ver vigtige muligheder for at st\u00f8tte hospice personale og patienter med uddannelse og udvikling af politik p\u00e5 omr\u00e5det.\u201d<\/p>\n<p><img loading=\"lazy\" decoding=\"async\" class=\"alignnone size-full wp-image-917 aligncenter\" src=\"https:\/\/bogenommedicinskcannabis.dk\/wp-content\/uploads\/2019\/06\/cannabis-som-medicin9.jpg\" alt=\"\" width=\"300\" height=\"200\" \/><\/p>\n<p><a href=\"#_ftnref1\" name=\"_ftn1\">[1]<\/a> <a href=\"https:\/\/www.ncbi.nlm.nih.gov\/pubmed\/?term=Costantino%20RC%5BAuthor%5D&amp;cauthor=true&amp;cauthor_uid=31094609\">Costantino RC<\/a><sup>1<\/sup>,\u00a0<a href=\"https:\/\/www.ncbi.nlm.nih.gov\/pubmed\/?term=Felten%20N%5BAuthor%5D&amp;cauthor=true&amp;cauthor_uid=31094609\">Felten N<\/a><sup>2<\/sup>,\u00a0<a href=\"https:\/\/www.ncbi.nlm.nih.gov\/pubmed\/?term=Todd%20M%5BAuthor%5D&amp;cauthor=true&amp;cauthor_uid=31094609\">Todd M<\/a>. et al.: A Survey of Hospice Professionals Regarding Medical Cannabis Practices. <a href=\"https:\/\/www.ncbi.nlm.nih.gov\/pubmed\/31094609\">J Palliat Med.<\/a>\u00a02019 May 16. doi: 10.1089\/jpm.2018.0535. [Epub ahead of print]. <a href=\"https:\/\/www.ncbi.nlm.nih.gov\/pubmed\/31094609\">https:\/\/www.ncbi.nlm.nih.gov\/pubmed\/31094609<\/a><\/p>\n<p><a href=\"https:\/\/norml.org\/news\/2019\/06\/06\/study-hospice-professionals-overwhelmingly-support-medical-cannabis-access\">Study: Hospice Professionals Overwhelmingly Support Medical Cannabis Access<\/a>. <a href=\"https:\/\/norml.org\/news\/2019\/06\/06\/study-hospice-professionals-overwhelmingly-support-medical-cannabis-access\">https:\/\/norml.org\/news\/2019\/06\/06\/study-hospice-professionals-overwhelmingly-support-medical-cannabis-access<\/a><\/p>\n<p>&nbsp;<\/p>\n","protected":false},"excerpt":{"rendered":"<p>Et helt nyt studie publiceret i The Journal of Palliative Medicine viser, at brugen af medicinsk cannabis st\u00f8ttes overv\u00e6ldende af det sundhedspersonale, der plejer patienterne p\u00e5 hospice.[1] Det er forskere fra University of Maryland School of Pharmacy, der anvendte data &hellip; <a href=\"https:\/\/bogenommedicinskcannabis.dk\/index.php\/artikler\/brugerundersoegelser\/personalet-paa-hospice-stoetter-brugen-af-medicinsk-cannabis\/\">L\u00e6s resten <span class=\"meta-nav\">&rarr;<\/span><\/a><\/p>\n","protected":false},"author":1,"featured_media":0,"parent":322,"menu_order":0,"comment_status":"closed","ping_status":"closed","template":"","meta":{"footnotes":""},"class_list":["post-914","page","type-page","status-publish","hentry"],"_links":{"self":[{"href":"https:\/\/bogenommedicinskcannabis.dk\/index.php\/wp-json\/wp\/v2\/pages\/914","targetHints":{"allow":["GET"]}}],"collection":[{"href":"https:\/\/bogenommedicinskcannabis.dk\/index.php\/wp-json\/wp\/v2\/pages"}],"about":[{"href":"https:\/\/bogenommedicinskcannabis.dk\/index.php\/wp-json\/wp\/v2\/types\/page"}],"author":[{"embeddable":true,"href":"https:\/\/bogenommedicinskcannabis.dk\/index.php\/wp-json\/wp\/v2\/users\/1"}],"replies":[{"embeddable":true,"href":"https:\/\/bogenommedicinskcannabis.dk\/index.php\/wp-json\/wp\/v2\/comments?post=914"}],"version-history":[{"count":1,"href":"https:\/\/bogenommedicinskcannabis.dk\/index.php\/wp-json\/wp\/v2\/pages\/914\/revisions"}],"predecessor-version":[{"id":918,"href":"https:\/\/bogenommedicinskcannabis.dk\/index.php\/wp-json\/wp\/v2\/pages\/914\/revisions\/918"}],"up":[{"embeddable":true,"href":"https:\/\/bogenommedicinskcannabis.dk\/index.php\/wp-json\/wp\/v2\/pages\/322"}],"wp:attachment":[{"href":"https:\/\/bogenommedicinskcannabis.dk\/index.php\/wp-json\/wp\/v2\/media?parent=914"}],"curies":[{"name":"wp","href":"https:\/\/api.w.org\/{rel}","templated":true}]}}